{"id":1547,"date":"2021-05-06T12:57:20","date_gmt":"2021-05-06T10:57:20","guid":{"rendered":"https:\/\/wintermans-agenturen.nl\/?page_id=1547"},"modified":"2021-05-27T09:27:17","modified_gmt":"2021-05-27T07:27:17","slug":"geschiedenis","status":"publish","type":"page","link":"https:\/\/wintermans-agenturen.nl\/en\/geschiedenis\/","title":{"rendered":"History"},"content":{"rendered":"<p>[vc_row row_height_percent=&#8221;0&#8243; override_padding=&#8221;yes&#8221; h_padding=&#8221;2&#8243; top_padding=&#8221;0&#8243; bottom_padding=&#8221;0&#8243; overlay_alpha=&#8221;50&#8243; gutter_size=&#8221;3&#8243; column_width_percent=&#8221;100&#8243; shift_y=&#8221;0&#8243; z_index=&#8221;0&#8243;][vc_column column_width_percent=&#8221;100&#8243; gutter_size=&#8221;3&#8243; override_padding=&#8221;yes&#8221; column_padding=&#8221;2&#8243; overlay_alpha=&#8221;50&#8243; shift_x=&#8221;0&#8243; shift_y=&#8221;0&#8243; shift_y_down=&#8221;0&#8243; z_index=&#8221;0&#8243; medium_width=&#8221;0&#8243; mobile_width=&#8221;0&#8243; width=&#8221;1\/1&#8243;][vc_column_text]<\/p>\n<h1>De geschiedenis van Wintermans Agenturen<\/h1>\n<p>[\/vc_column_text][vc_tabs][vc_tab gutter_size=&#8221;0&#8243; column_padding=&#8221;0&#8243; title=&#8221;1981&#8243; tab_id=&#8221;1621515685-1-58&#8243;][vc_column_text css=&#8221;.vc_custom_1622100251554{margin-top: 15px !important;}&#8221;]<\/p>\n<p style=\"color: #b69774;\">Saskia begon haar avontuur als mede-eigenaresse van een kinderkleding winkel in Eersel genaamd Kangaroe.<\/p>\n<p>[\/vc_column_text][\/vc_tab][vc_tab gutter_size=&#8221;0&#8243; column_padding=&#8221;0&#8243; title=&#8221;1987&#8243; tab_id=&#8221;1621515685-2-72&#8243;][vc_column_text css=&#8221;.vc_custom_1622100268070{margin-top: 15px !important;}&#8221;]<\/p>\n<p style=\"color: #b69774;\">Saskia verhuisde in dit jaar samen met haar gezin naar Roosendaal omdat haar man Rob daar een vaste aanstelling in het lokale ziekenhuis kreeg.<\/p>\n<p>[\/vc_column_text][\/vc_tab][vc_tab gutter_size=&#8221;0&#8243; column_padding=&#8221;0&#8243; title=&#8221;1988&#8243; tab_id=&#8221;1621516080702-2-7&#8243;][vc_column_text css=&#8221;.vc_custom_1622100276195{margin-top: 15px !important;}&#8221;]<\/p>\n<p style=\"color: #b69774;\">Saskia begon als vertegenwoordigster van het merk Naf-Naf Nederland voorhet Belgische bedrijf Mini diff.<\/p>\n<p>[\/vc_column_text][\/vc_tab][vc_tab gutter_size=&#8221;0&#8243; column_padding=&#8221;0&#8243; title=&#8221;1989&#8243; tab_id=&#8221;1621516101001-3-2&#8243;][vc_column_text css=&#8221;.vc_custom_1622100283996{margin-top: 15px !important;}&#8221;]<\/p>\n<p style=\"color: #b69774;\">Al snel richtte Saskia haar eigen agentschap op, genaamd: Wintermans Agenturen. Dit deed ze in samenwerking met het Franse bedrijf Albert (opgericht in 1965). Albert was het eerste bedrijf dat kindercollecties maakte vanuit de volwassen merknaam. Dit was tevens het moment dat ze startte met de merken DKNY en Chevignon. Daarnaast nam ze de volledige verantwoordelijkheid voor Naf-Naf Nederland.<\/p>\n<p>[\/vc_column_text][\/vc_tab][vc_tab gutter_size=&#8221;0&#8243; column_padding=&#8221;0&#8243; title=&#8221;1999&#8243; tab_id=&#8221;1621516117492-4-6&#8243;][vc_column_text css=&#8221;.vc_custom_1622100291399{margin-top: 15px !important;}&#8221;]<\/p>\n<p style=\"color: #b69774;\">Het Franse bedrijf Albert werd overgenomen door verschillende aandeelhouders die het bedrijf een nieuwe naam gaven: CWF (Children Worldwide Fashion). CWF is vanaf die tijd verschillende partnerships aangegaan met exclusieve merken.<\/p>\n<p>[\/vc_column_text][\/vc_tab][vc_tab gutter_size=&#8221;0&#8243; column_padding=&#8221;0&#8243; title=&#8221;2001&#8243; tab_id=&#8221;1621516145716-5-7&#8243;][vc_column_text css=&#8221;.vc_custom_1622100297000{margin-top: 15px !important;}&#8221;]<\/p>\n<p style=\"color: #b69774;\">De samenwerking met CWF verliep succesvol en al snel mocht Saskia het merk Burberry gaan vertegenwoordigen. Vanaf dit moment heeft Wintermans Agenturen grote stappen mogen maken.<\/p>\n<p>[\/vc_column_text][\/vc_tab][vc_tab gutter_size=&#8221;0&#8243; column_padding=&#8221;0&#8243; title=&#8221;2003&#8243; tab_id=&#8221;1621516163627-6-2&#8243;][vc_column_text css=&#8221;.vc_custom_1622100303655{margin-top: 15px !important;}&#8221;]<\/p>\n<p style=\"color: #b69774;\">Janneke heeft naast haar studie al veel mee kunnen kijken achter de schermen bij Wintermans Agenturen. Al snel besloot ze in de voetsporen van haar moeder te treden en startte Janneke op 27 november haar eigen agentschap genaamd: Janneke Wintermans B.V. Met als eerste merk Escada.<\/p>\n<p>[\/vc_column_text][\/vc_tab][vc_tab gutter_size=&#8221;0&#8243; column_padding=&#8221;0&#8243; title=&#8221;2004&#8243; tab_id=&#8221;1621516174506-7-0&#8243;][vc_column_text css=&#8221;.vc_custom_1622100309246{margin-top: 15px !important;}&#8221;]<\/p>\n<p style=\"color: #b69774;\">Janneke sloot haar eerste grote partnership met Armani. Vanaf toen ging het snel en werkte ze samen met o.a. de merken Diesel, Dsquared2, Fendi, Young Versace, Cavallaro, Guess en Roberto Cavalli.<\/p>\n<p>[\/vc_column_text][\/vc_tab][vc_tab gutter_size=&#8221;0&#8243; column_padding=&#8221;0&#8243; title=&#8221;2011&#8243; tab_id=&#8221;1621516197434-8-10&#8243;][vc_column_text css=&#8221;.vc_custom_1622100316198{margin-top: 15px !important;}&#8221;]<\/p>\n<p style=\"color: #b69774;\">In dit jaar zijn de bedrijven van Saskia en Janneke gefuseerd naar \u00e9\u00e9n bedrijf: Wintermans Agenturen. De reden hiervoor was om een rustig verloop te cre\u00ebren voor het toekomstige pensioen van Saskia.<\/p>\n<p>[\/vc_column_text][\/vc_tab][vc_tab gutter_size=&#8221;0&#8243; column_padding=&#8221;0&#8243; title=&#8221;2018&#8243; tab_id=&#8221;1621516262185-9-10&#8243;][vc_column_text css=&#8221;.vc_custom_1622100322948{margin-top: 15px !important;}&#8221;]<\/p>\n<p style=\"color: #b69774;\">Wintermans Agenturen heeft zich in dit jaar definitief uitgebreid naar Belgi\u00eb en Luxemburg. In samenwerking met Diana Hechtermans is Wintermans Agenturen nu werkzaam in de gehele Benelux.<\/p>\n<p>[\/vc_column_text][\/vc_tab][vc_tab gutter_size=&#8221;0&#8243; column_padding=&#8221;0&#8243; title=&#8221;2020&#8243; tab_id=&#8221;1621516279562-10-7&#8243;][vc_column_text css=&#8221;.vc_custom_1622100328775{margin-top: 15px !important;}&#8221;]<\/p>\n<p style=\"color: #b69774;\">Na heel veel mooie jaren heeft Saskia afscheid genomen van haar bedrijf, collega\u2019s en fabrikanten. Vanaf nu gaat Saskia lekker genieten van haar welverdiende pensioen. En geeft ze het stokje over aan Janneke.<\/p>\n<p>[\/vc_column_text][\/vc_tab][\/vc_tabs][\/vc_column][\/vc_row][vc_row row_height_percent=&#8221;0&#8243; override_padding=&#8221;yes&#8221; h_padding=&#8221;2&#8243; top_padding=&#8221;0&#8243; bottom_padding=&#8221;2&#8243; overlay_alpha=&#8221;50&#8243; gutter_size=&#8221;3&#8243; column_width_percent=&#8221;100&#8243; shift_y=&#8221;0&#8243; z_index=&#8221;0&#8243;][vc_column column_width_percent=&#8221;100&#8243; gutter_size=&#8221;3&#8243; style=&#8221;dark&#8221; back_image=&#8221;1651&#8243; overlay_alpha=&#8221;50&#8243; shift_x=&#8221;0&#8243; shift_y=&#8221;0&#8243; shift_y_down=&#8221;0&#8243; z_index=&#8221;0&#8243; medium_width=&#8221;0&#8243; mobile_width=&#8221;0&#8243; width=&#8221;1\/1&#8243;][vc_row_inner limit_content=&#8221;&#8221;][vc_column_inner width=&#8221;1\/2&#8243;][vc_column_text]Wintermans Agenturen is een agentuur in high-end kinderkleding. Eigenaresse Janneke Wintermans heeft het bedrijf overgenomen van haar moeder Saskia Wintermans die in 1989 dit succesvolle bedrijf is gestart.<\/p>\n<p>Inmiddels werken wij met een ervaren verkoopteam en hebben wij samenwerkingen met diverse merken.<\/p>\n<p>Wintermans Agenturen is een hecht familie bedrijf. Gezelligheid, professionaliteit en aandacht voor de klant staat bij ons op nummer 1. Mocht je benieuwd zijn naar de geschiedenis achter Wintermans Agenturen neem dan vooral een kijkje hieronder.<\/p>\n<p>Wintermans Agenturen is een agentuur in high-end kinderkleding. Eigenaresse Janneke Wintermans heeft het bedrijf overgenomen van haar moeder Saskia Wintermans die in 1989 dit succesvolle bedrijf is gestart.\u00a0Inmiddels werken wij met een ervaren verkoopteam en hebben wij samenwerkingen met diverse merken.<\/p>\n<p>Wintermans Agenturen is een hecht familie bedrijf. Gezelligheid, professionaliteit en aandacht voor de klant staat bij ons op nummer 1. Mocht je benieuwd zijn naar de geschiedenis achter Wintermans Agenturen neem dan vooral een kijkje hieronder.[\/vc_column_text][\/vc_column_inner][vc_column_inner width=&#8221;1\/2&#8243;][\/vc_column_inner][\/vc_row_inner][\/vc_column][\/vc_row]<\/p>\n","protected":false},"excerpt":{"rendered":"<p>[vc_row row_height_percent=&#8221;0&#8243; override_padding=&#8221;yes&#8221; h_padding=&#8221;2&#8243; top_padding=&#8221;0&#8243; bottom_padding=&#8221;0&#8243; overlay_alpha=&#8221;50&#8243; gutter_size=&#8221;3&#8243; column_width_percent=&#8221;100&#8243; shift_y=&#8221;0&#8243; z_index=&#8221;0&#8243;][vc_column column_width_percent=&#8221;100&#8243; gutter_size=&#8221;3&#8243; override_padding=&#8221;yes&#8221; column_padding=&#8221;2&#8243; overlay_alpha=&#8221;50&#8243; shift_x=&#8221;0&#8243; shift_y=&#8221;0&#8243; shift_y_down=&#8221;0&#8243; z_index=&#8221;0&#8243; [&hellip;]<\/p>\n","protected":false},"author":1,"featured_media":0,"parent":0,"menu_order":0,"comment_status":"closed","ping_status":"closed","template":"","meta":{"footnotes":""},"class_list":["post-1547","page","type-page","status-publish","hentry"],"yoast_head":"<!-- This site is optimized with the Yoast SEO plugin v15.5 - https:\/\/yoast.com\/wordpress\/plugins\/seo\/ -->\n<title>History - Wintermans Agenturen<\/title>\n<meta name=\"robots\" content=\"index, follow, max-snippet:-1, max-image-preview:large, max-video-preview:-1\" \/>\n<link rel=\"canonical\" href=\"https:\/\/wintermans-agenturen.nl\/en\/geschiedenis\/\" \/>\n<meta property=\"og:locale\" content=\"en_US\" \/>\n<meta property=\"og:type\" content=\"article\" \/>\n<meta property=\"og:title\" content=\"History - Wintermans Agenturen\" \/>\n<meta property=\"og:description\" content=\"[vc_row row_height_percent=&#8221;0&#8243; override_padding=&#8221;yes&#8221; h_padding=&#8221;2&#8243; top_padding=&#8221;0&#8243; bottom_padding=&#8221;0&#8243; overlay_alpha=&#8221;50&#8243; gutter_size=&#8221;3&#8243; column_width_percent=&#8221;100&#8243; shift_y=&#8221;0&#8243; z_index=&#8221;0&#8243;][vc_column column_width_percent=&#8221;100&#8243; gutter_size=&#8221;3&#8243; override_padding=&#8221;yes&#8221; column_padding=&#8221;2&#8243; overlay_alpha=&#8221;50&#8243; shift_x=&#8221;0&#8243; shift_y=&#8221;0&#8243; shift_y_down=&#8221;0&#8243; z_index=&#8221;0&#8243; [&hellip;]\" \/>\n<meta property=\"og:url\" content=\"https:\/\/wintermans-agenturen.nl\/en\/geschiedenis\/\" \/>\n<meta property=\"og:site_name\" content=\"Wintermans Agenturen\" \/>\n<meta property=\"article:modified_time\" content=\"2021-05-27T07:27:17+00:00\" \/>\n<meta name=\"twitter:card\" content=\"summary_large_image\" \/>\n<meta name=\"twitter:label1\" content=\"Est. reading time\">\n\t<meta name=\"twitter:data1\" content=\"4 minutes\">\n<script type=\"application\/ld+json\" class=\"yoast-schema-graph\">{\"@context\":\"https:\/\/schema.org\",\"@graph\":[{\"@type\":\"WebSite\",\"@id\":\"https:\/\/wintermans-agenturen.nl\/#website\",\"url\":\"https:\/\/wintermans-agenturen.nl\/\",\"name\":\"Wintermans Agenturen\",\"description\":\"\",\"potentialAction\":[{\"@type\":\"SearchAction\",\"target\":\"https:\/\/wintermans-agenturen.nl\/?s={search_term_string}\",\"query-input\":\"required name=search_term_string\"}],\"inLanguage\":\"en-US\"},{\"@type\":\"WebPage\",\"@id\":\"https:\/\/wintermans-agenturen.nl\/en\/geschiedenis\/#webpage\",\"url\":\"https:\/\/wintermans-agenturen.nl\/en\/geschiedenis\/\",\"name\":\"History - Wintermans Agenturen\",\"isPartOf\":{\"@id\":\"https:\/\/wintermans-agenturen.nl\/#website\"},\"datePublished\":\"2021-05-06T10:57:20+00:00\",\"dateModified\":\"2021-05-27T07:27:17+00:00\",\"inLanguage\":\"en-US\",\"potentialAction\":[{\"@type\":\"ReadAction\",\"target\":[\"https:\/\/wintermans-agenturen.nl\/en\/geschiedenis\/\"]}]}]}<\/script>\n<!-- \/ Yoast SEO plugin. -->","_links":{"self":[{"href":"https:\/\/wintermans-agenturen.nl\/en\/wp-json\/wp\/v2\/pages\/1547","targetHints":{"allow":["GET"]}}],"collection":[{"href":"https:\/\/wintermans-agenturen.nl\/en\/wp-json\/wp\/v2\/pages"}],"about":[{"href":"https:\/\/wintermans-agenturen.nl\/en\/wp-json\/wp\/v2\/types\/page"}],"author":[{"embeddable":true,"href":"https:\/\/wintermans-agenturen.nl\/en\/wp-json\/wp\/v2\/users\/1"}],"replies":[{"embeddable":true,"href":"https:\/\/wintermans-agenturen.nl\/en\/wp-json\/wp\/v2\/comments?post=1547"}],"version-history":[{"count":3,"href":"https:\/\/wintermans-agenturen.nl\/en\/wp-json\/wp\/v2\/pages\/1547\/revisions"}],"predecessor-version":[{"id":1680,"href":"https:\/\/wintermans-agenturen.nl\/en\/wp-json\/wp\/v2\/pages\/1547\/revisions\/1680"}],"wp:attachment":[{"href":"https:\/\/wintermans-agenturen.nl\/en\/wp-json\/wp\/v2\/media?parent=1547"}],"curies":[{"name":"wp","href":"https:\/\/api.w.org\/{rel}","templated":true}]}}